{"id":919,"date":"2021-08-12T12:10:31","date_gmt":"2021-08-12T11:10:31","guid":{"rendered":"https:\/\/stignatiuscollege.skola.edu.mt\/?page_id=919"},"modified":"2022-09-01T20:04:24","modified_gmt":"2022-09-01T19:04:24","slug":"national-circulars","status":"publish","type":"page","link":"https:\/\/stignatiuscollege.skola.edu.mt\/index.php\/national-circulars\/","title":{"rendered":"National Circulars"},"content":{"rendered":"<h4><img loading=\"lazy\" class=\"alignnone size-medium wp-image-916 aligncenter\" src=\"https:\/\/stignatiuscollege.skola.edu.mt\/wp-content\/uploads\/2021\/08\/Education-300x110.jpg\" alt=\"\" width=\"300\" height=\"110\" srcset=\"https:\/\/stignatiuscollege.skola.edu.mt\/wp-content\/uploads\/2021\/08\/Education-300x110.jpg 300w, https:\/\/stignatiuscollege.skola.edu.mt\/wp-content\/uploads\/2021\/08\/Education-1024x375.jpg 1024w, https:\/\/stignatiuscollege.skola.edu.mt\/wp-content\/uploads\/2021\/08\/Education-768x282.jpg 768w, https:\/\/stignatiuscollege.skola.edu.mt\/wp-content\/uploads\/2021\/08\/Education-1536x563.jpg 1536w, https:\/\/stignatiuscollege.skola.edu.mt\/wp-content\/uploads\/2021\/08\/Education-2048x751.jpg 2048w\" sizes=\"(max-width: 300px) 100vw, 300px\" \/><\/h4>\n<h4 style=\"text-align: center;\">National Circulars<\/h4>\n<p>&nbsp;<\/p>\n<p><a href=\"https:\/\/stignatiuscollege.skola.edu.mt\/wp-content\/uploads\/2021\/07\/DLAP-166-Short-video-clips-by-Heritage-Malta-for-the-teaching-of-History-.pdf\">DLAP 166 &#8211; Short video clips by Heritage Malta for the teaching of History<\/a><\/p>\n<p><a href=\"https:\/\/stignatiuscollege.skola.edu.mt\/wp-content\/uploads\/2021\/07\/DLAP-166-Vidjow-klipps-qosra-minn-Heritage-Malta-ghall-uzu-fit-taghlim-tal-Istorja.pdf\">DLAP 166 &#8211; Vidjow klipps qosra minn Heritage Malta g\u0127all-u\u017cu fit-tag\u0127lim tal-Istorja<\/a><\/p>\n","protected":false},"excerpt":{"rendered":"<p>National Circulars &nbsp; DLAP 166 &#8211; Short video clips by Heritage Malta for the teaching of History DLAP 166 &#8211; Vidjow klipps qosra minn Heritage Malta g\u0127all-u\u017cu fit-tag\u0127lim tal-Istorja<\/p>\n","protected":false},"author":2,"featured_media":0,"parent":0,"menu_order":0,"comment_status":"closed","ping_status":"closed","template":"","meta":[],"_links":{"self":[{"href":"https:\/\/stignatiuscollege.skola.edu.mt\/index.php\/wp-json\/wp\/v2\/pages\/919"}],"collection":[{"href":"https:\/\/stignatiuscollege.skola.edu.mt\/index.php\/wp-json\/wp\/v2\/pages"}],"about":[{"href":"https:\/\/stignatiuscollege.skola.edu.mt\/index.php\/wp-json\/wp\/v2\/types\/page"}],"author":[{"embeddable":true,"href":"https:\/\/stignatiuscollege.skola.edu.mt\/index.php\/wp-json\/wp\/v2\/users\/2"}],"replies":[{"embeddable":true,"href":"https:\/\/stignatiuscollege.skola.edu.mt\/index.php\/wp-json\/wp\/v2\/comments?post=919"}],"version-history":[{"count":1,"href":"https:\/\/stignatiuscollege.skola.edu.mt\/index.php\/wp-json\/wp\/v2\/pages\/919\/revisions"}],"predecessor-version":[{"id":922,"href":"https:\/\/stignatiuscollege.skola.edu.mt\/index.php\/wp-json\/wp\/v2\/pages\/919\/revisions\/922"}],"wp:attachment":[{"href":"https:\/\/stignatiuscollege.skola.edu.mt\/index.php\/wp-json\/wp\/v2\/media?parent=919"}],"curies":[{"name":"wp","href":"https:\/\/api.w.org\/{rel}","templated":true}]}}