{"id":34,"date":"2021-07-16T22:06:26","date_gmt":"2021-07-16T21:06:26","guid":{"rendered":"https:\/\/stignatiuscollege.skola.edu.mt\/?page_id=34"},"modified":"2021-07-20T21:32:30","modified_gmt":"2021-07-20T20:32:30","slug":"schools","status":"publish","type":"page","link":"https:\/\/stignatiuscollege.skola.edu.mt\/index.php\/schools\/","title":{"rendered":"Schools"},"content":{"rendered":"<p><a href=\"https:\/\/stignatiuscollege.skola.edu.mt\/index.php\/luqa-primary\/\"><img loading=\"lazy\" class=\"wp-image-204 size-medium aligncenter\" src=\"https:\/\/stignatiuscollege.skola.edu.mt\/wp-content\/uploads\/2021\/07\/Hal-Luqa-P-300x169.jpg\" alt=\"\" width=\"300\" height=\"169\" srcset=\"https:\/\/stignatiuscollege.skola.edu.mt\/wp-content\/uploads\/2021\/07\/Hal-Luqa-P-300x169.jpg 300w, https:\/\/stignatiuscollege.skola.edu.mt\/wp-content\/uploads\/2021\/07\/Hal-Luqa-P-1024x577.jpg 1024w, https:\/\/stignatiuscollege.skola.edu.mt\/wp-content\/uploads\/2021\/07\/Hal-Luqa-P-768x433.jpg 768w, https:\/\/stignatiuscollege.skola.edu.mt\/wp-content\/uploads\/2021\/07\/Hal-Luqa-P.jpg 1280w\" sizes=\"(max-width: 300px) 100vw, 300px\" \/><\/a><\/p>\n<h6 style=\"text-align: center;\">Luqa Primary<\/h6>\n<p><a href=\"https:\/\/stignatiuscollege.skola.edu.mt\/index.php\/st-sebastian-primary-qormi\/\"><img loading=\"lazy\" class=\"wp-image-197 size-medium aligncenter\" src=\"https:\/\/stignatiuscollege.skola.edu.mt\/wp-content\/uploads\/2021\/07\/Hal-Qormi-San-Bastjan-300x169.jpg\" alt=\"\" width=\"300\" height=\"169\" srcset=\"https:\/\/stignatiuscollege.skola.edu.mt\/wp-content\/uploads\/2021\/07\/Hal-Qormi-San-Bastjan-300x169.jpg 300w, https:\/\/stignatiuscollege.skola.edu.mt\/wp-content\/uploads\/2021\/07\/Hal-Qormi-San-Bastjan-1024x577.jpg 1024w, https:\/\/stignatiuscollege.skola.edu.mt\/wp-content\/uploads\/2021\/07\/Hal-Qormi-San-Bastjan-768x433.jpg 768w, https:\/\/stignatiuscollege.skola.edu.mt\/wp-content\/uploads\/2021\/07\/Hal-Qormi-San-Bastjan.jpg 1280w\" sizes=\"(max-width: 300px) 100vw, 300px\" \/><\/a><\/p>\n<h6 style=\"text-align: center;\">St. Sebastian Primary Qormi<\/h6>\n<p><a href=\"https:\/\/stignatiuscollege.skola.edu.mt\/index.php\/st-george-primary-qormi\/\"><img loading=\"lazy\" class=\"wp-image-198 size-medium aligncenter\" src=\"https:\/\/stignatiuscollege.skola.edu.mt\/wp-content\/uploads\/2021\/07\/Hal-Qormi-San-Gorg-300x169.jpg\" alt=\"\" width=\"300\" height=\"169\" srcset=\"https:\/\/stignatiuscollege.skola.edu.mt\/wp-content\/uploads\/2021\/07\/Hal-Qormi-San-Gorg-300x169.jpg 300w, https:\/\/stignatiuscollege.skola.edu.mt\/wp-content\/uploads\/2021\/07\/Hal-Qormi-San-Gorg-1024x576.jpg 1024w, https:\/\/stignatiuscollege.skola.edu.mt\/wp-content\/uploads\/2021\/07\/Hal-Qormi-San-Gorg-768x432.jpg 768w, https:\/\/stignatiuscollege.skola.edu.mt\/wp-content\/uploads\/2021\/07\/Hal-Qormi-San-Gorg.jpg 1280w\" sizes=\"(max-width: 300px) 100vw, 300px\" \/><\/a><\/p>\n<h6 style=\"text-align: center;\">St. George Primary Qormi<\/h6>\n<p><a href=\"https:\/\/stignatiuscollege.skola.edu.mt\/index.php\/siggiewi-primary\/\"><img loading=\"lazy\" class=\"wp-image-196 size-medium aligncenter\" src=\"https:\/\/stignatiuscollege.skola.edu.mt\/wp-content\/uploads\/2021\/07\/Siggiewi-P-300x169.jpg\" alt=\"\" width=\"300\" height=\"169\" srcset=\"https:\/\/stignatiuscollege.skola.edu.mt\/wp-content\/uploads\/2021\/07\/Siggiewi-P-300x169.jpg 300w, https:\/\/stignatiuscollege.skola.edu.mt\/wp-content\/uploads\/2021\/07\/Siggiewi-P-1024x577.jpg 1024w, https:\/\/stignatiuscollege.skola.edu.mt\/wp-content\/uploads\/2021\/07\/Siggiewi-P-768x433.jpg 768w, https:\/\/stignatiuscollege.skola.edu.mt\/wp-content\/uploads\/2021\/07\/Siggiewi-P.jpg 1280w\" sizes=\"(max-width: 300px) 100vw, 300px\" \/><\/a><\/p>\n<h5 style=\"text-align: center;\">Si\u0121\u0121iewi Primary<\/h5>\n<p><a href=\"https:\/\/stignatiuscollege.skola.edu.mt\/index.php\/haz-zebbug-primary\/\"><img loading=\"lazy\" class=\"wp-image-201 size-medium aligncenter\" src=\"https:\/\/stignatiuscollege.skola.edu.mt\/wp-content\/uploads\/2021\/07\/Haz-Zebbug-P-300x169.jpg\" alt=\"\" width=\"300\" height=\"169\" srcset=\"https:\/\/stignatiuscollege.skola.edu.mt\/wp-content\/uploads\/2021\/07\/Haz-Zebbug-P-300x169.jpg 300w, https:\/\/stignatiuscollege.skola.edu.mt\/wp-content\/uploads\/2021\/07\/Haz-Zebbug-P-1024x575.jpg 1024w, https:\/\/stignatiuscollege.skola.edu.mt\/wp-content\/uploads\/2021\/07\/Haz-Zebbug-P-768x431.jpg 768w, https:\/\/stignatiuscollege.skola.edu.mt\/wp-content\/uploads\/2021\/07\/Haz-Zebbug-P.jpg 1280w\" sizes=\"(max-width: 300px) 100vw, 300px\" \/><\/a><\/p>\n<h5 style=\"text-align: center;\">\u0126a\u017c-\u017bebbu\u0121<\/h5>\n<p><a href=\"https:\/\/stignatiuscollege.skola.edu.mt\/index.php\/learning-support-centre-in-haz-zebbug\/\"><img loading=\"lazy\" class=\"wp-image-202 size-medium aligncenter\" src=\"https:\/\/stignatiuscollege.skola.edu.mt\/wp-content\/uploads\/2021\/07\/Haz-Zebbug-Res.-300x169.jpg\" alt=\"\" width=\"300\" height=\"169\" srcset=\"https:\/\/stignatiuscollege.skola.edu.mt\/wp-content\/uploads\/2021\/07\/Haz-Zebbug-Res.-300x169.jpg 300w, https:\/\/stignatiuscollege.skola.edu.mt\/wp-content\/uploads\/2021\/07\/Haz-Zebbug-Res.-1024x576.jpg 1024w, https:\/\/stignatiuscollege.skola.edu.mt\/wp-content\/uploads\/2021\/07\/Haz-Zebbug-Res.-768x432.jpg 768w, https:\/\/stignatiuscollege.skola.edu.mt\/wp-content\/uploads\/2021\/07\/Haz-Zebbug-Res..jpg 1280w\" sizes=\"(max-width: 300px) 100vw, 300px\" \/><\/a><\/p>\n<h5 style=\"text-align: center;\">Learning Support Centre in Ha\u017c-\u017bebbu\u0121<\/h5>\n<p><a href=\"https:\/\/stignatiuscollege.skola.edu.mt\/index.php\/handaq-middle-school\/\"><img loading=\"lazy\" class=\"wp-image-199 size-medium aligncenter\" src=\"https:\/\/stignatiuscollege.skola.edu.mt\/wp-content\/uploads\/2021\/07\/Handaq-Middle-e1626776878566-300x169.jpg\" alt=\"\" width=\"300\" height=\"169\" srcset=\"https:\/\/stignatiuscollege.skola.edu.mt\/wp-content\/uploads\/2021\/07\/Handaq-Middle-e1626776878566-300x169.jpg 300w, https:\/\/stignatiuscollege.skola.edu.mt\/wp-content\/uploads\/2021\/07\/Handaq-Middle-e1626776878566-1024x578.jpg 1024w, https:\/\/stignatiuscollege.skola.edu.mt\/wp-content\/uploads\/2021\/07\/Handaq-Middle-e1626776878566-768x434.jpg 768w, https:\/\/stignatiuscollege.skola.edu.mt\/wp-content\/uploads\/2021\/07\/Handaq-Middle-e1626776878566.jpg 1280w\" sizes=\"(max-width: 300px) 100vw, 300px\" \/><\/a><\/p>\n<h5 style=\"text-align: center;\">\u0126andaq Middle School<\/h5>\n<p><a href=\"https:\/\/stignatiuscollege.skola.edu.mt\/index.php\/handaq-secondary-school\/\"><img loading=\"lazy\" class=\"wp-image-200 size-medium aligncenter\" src=\"https:\/\/stignatiuscollege.skola.edu.mt\/wp-content\/uploads\/2021\/07\/Handaq-Secondary-300x169.jpg\" alt=\"\" width=\"300\" height=\"169\" srcset=\"https:\/\/stignatiuscollege.skola.edu.mt\/wp-content\/uploads\/2021\/07\/Handaq-Secondary-300x169.jpg 300w, https:\/\/stignatiuscollege.skola.edu.mt\/wp-content\/uploads\/2021\/07\/Handaq-Secondary-1024x576.jpg 1024w, https:\/\/stignatiuscollege.skola.edu.mt\/wp-content\/uploads\/2021\/07\/Handaq-Secondary-768x432.jpg 768w, https:\/\/stignatiuscollege.skola.edu.mt\/wp-content\/uploads\/2021\/07\/Handaq-Secondary.jpg 1280w\" sizes=\"(max-width: 300px) 100vw, 300px\" \/><\/a><\/p>\n<h5 style=\"text-align: center;\">\u0126andaq Secondary School<\/h5>\n","protected":false},"excerpt":{"rendered":"<p>Luqa Primary St. Sebastian Primary Qormi St. George Primary Qormi Si\u0121\u0121iewi Primary \u0126a\u017c-\u017bebbu\u0121 Learning Support Centre in Ha\u017c-\u017bebbu\u0121 \u0126andaq Middle School \u0126andaq Secondary School<\/p>\n","protected":false},"author":2,"featured_media":0,"parent":0,"menu_order":0,"comment_status":"closed","ping_status":"closed","template":"","meta":[],"_links":{"self":[{"href":"https:\/\/stignatiuscollege.skola.edu.mt\/index.php\/wp-json\/wp\/v2\/pages\/34"}],"collection":[{"href":"https:\/\/stignatiuscollege.skola.edu.mt\/index.php\/wp-json\/wp\/v2\/pages"}],"about":[{"href":"https:\/\/stignatiuscollege.skola.edu.mt\/index.php\/wp-json\/wp\/v2\/types\/page"}],"author":[{"embeddable":true,"href":"https:\/\/stignatiuscollege.skola.edu.mt\/index.php\/wp-json\/wp\/v2\/users\/2"}],"replies":[{"embeddable":true,"href":"https:\/\/stignatiuscollege.skola.edu.mt\/index.php\/wp-json\/wp\/v2\/comments?post=34"}],"version-history":[{"count":7,"href":"https:\/\/stignatiuscollege.skola.edu.mt\/index.php\/wp-json\/wp\/v2\/pages\/34\/revisions"}],"predecessor-version":[{"id":229,"href":"https:\/\/stignatiuscollege.skola.edu.mt\/index.php\/wp-json\/wp\/v2\/pages\/34\/revisions\/229"}],"wp:attachment":[{"href":"https:\/\/stignatiuscollege.skola.edu.mt\/index.php\/wp-json\/wp\/v2\/media?parent=34"}],"curies":[{"name":"wp","href":"https:\/\/api.w.org\/{rel}","templated":true}]}}