{"id":222,"date":"2021-07-20T21:05:25","date_gmt":"2021-07-20T20:05:25","guid":{"rendered":"https:\/\/stignatiuscollege.skola.edu.mt\/?page_id=222"},"modified":"2022-09-01T19:28:29","modified_gmt":"2022-09-01T18:28:29","slug":"learning-support-centre-in-haz-zebbug","status":"publish","type":"page","link":"https:\/\/stignatiuscollege.skola.edu.mt\/index.php\/learning-support-centre-in-haz-zebbug\/","title":{"rendered":"Learning Support Centre in \u0126a\u017c-\u017bebbu\u0121"},"content":{"rendered":"<table width=\"0\">\n<tbody>\n<tr>\n<td colspan=\"2\" width=\"656\">\n<p style=\"text-align: center;\"><strong>School Name<\/strong>: Learning Support Centre, \u017bebbu\u0121<\/p>\n<\/td>\n<\/tr>\n<tr>\n<td colspan=\"2\" width=\"656\">\n<p style=\"text-align: center;\"><strong>GENERAL INFORMATION<\/strong><\/p>\n<\/td>\n<\/tr>\n<tr>\n<td width=\"328\">Address<\/td>\n<td width=\"328\">\u00a042, Triq Frans Sammut, \u0126a\u017c-\u017bebbu\u0121, \u017bB\u0120 1906<\/td>\n<\/tr>\n<tr>\n<td width=\"328\">Tel Number:<\/td>\n<td width=\"328\">\u00a0259879690\/1<\/td>\n<\/tr>\n<tr>\n<td width=\"328\">Email Address:<\/td>\n<td width=\"328\">\u00a0<u><a href=\"mailto:sic.zebbug.lsc@ilearn.edu.mt\">sic.zebbug.lsc@ilearn.edu.mt<\/a><\/u><\/td>\n<\/tr>\n<tr>\n<td width=\"328\">Website\/Facebook Address:<\/td>\n<td width=\"328\">N\/A<\/td>\n<\/tr>\n<tr>\n<td width=\"328\">Learning Support Centre Coordinator:<\/p>\n<p>(Please include photo with the mail)<\/td>\n<td width=\"328\">N\/A<\/td>\n<\/tr>\n<tr>\n<td width=\"328\">Assistant Heads of School:<\/td>\n<td width=\"328\">N\/A<\/td>\n<\/tr>\n<tr>\n<td colspan=\"2\" width=\"656\">\n<p style=\"text-align: center;\"><strong>SCHOOL MISSION STATEMENT<\/strong><\/p>\n<\/td>\n<\/tr>\n<tr>\n<td colspan=\"2\" width=\"656\">The \u017bebbu\u0121 Learning Support Centre is a specialised centre offering a specialised educational programme for primary age students with social, emotional, and behavioural difficulties.\u00a0 \u00a0These programmes which can be on a part-time or full-time basis are created to support students in their social and emotional needs. The ultimate aim for students attending the \u017bebbu\u0121 Learning Support Centre is the reintegration into their mainstream schools.<\/td>\n<\/tr>\n<tr>\n<td colspan=\"2\" width=\"656\">\n<p style=\"text-align: center;\"><strong>BRIEF HISTORY AND DESCRIPTION OF THE SCHOOL<\/strong><\/p>\n<\/td>\n<\/tr>\n<tr>\n<td colspan=\"2\" width=\"656\">The \u017bebbu\u0121 Learning Support Centre is an additional support service provided to all primary schools in Malta.\u00a0 It provides intensive behaviour modification programmes for students with social, emotional, and behavioural difficulties. It has been operational in St Ignatius College since 2018.<\/td>\n<\/tr>\n<tr>\n<td colspan=\"2\" width=\"656\">\n<p style=\"text-align: center;\"><strong>SCHOOL OPENING AND CLOSING HOURS<\/strong><\/p>\n<\/td>\n<\/tr>\n<tr>\n<td width=\"328\">Opening Hours (Winter Time)<\/td>\n<td width=\"328\">\u00a008:15am<\/td>\n<\/tr>\n<tr>\n<td width=\"328\">Opening Hours (Summer Time)<\/td>\n<td width=\"328\">\u00a008:15am<\/td>\n<\/tr>\n<tr>\n<td width=\"328\">Closing Hours (Winter Time)<\/td>\n<td width=\"328\">\u00a002:15pm<\/td>\n<\/tr>\n<tr>\n<td width=\"328\">Closing Hours (Summer Time)<\/td>\n<td width=\"328\">\u00a012:00pm<\/td>\n<\/tr>\n<tr>\n<td colspan=\"2\" width=\"656\"><\/td>\n<\/tr>\n<tr>\n<td width=\"328\"><\/td>\n<td width=\"328\"><\/td>\n<\/tr>\n<tr>\n<td width=\"328\"><\/td>\n<td width=\"328\"><\/td>\n<\/tr>\n<\/tbody>\n<\/table>\n","protected":false},"excerpt":{"rendered":"<p>School Name: Learning Support Centre, \u017bebbu\u0121 GENERAL INFORMATION Address \u00a042, Triq Frans Sammut, \u0126a\u017c-\u017bebbu\u0121, \u017bB\u0120 1906 Tel Number: \u00a0259879690\/1 Email Address: \u00a0sic.zebbug.lsc@ilearn.edu.mt Website\/Facebook Address: N\/A Learning Support Centre Coordinator: (Please include photo with the mail) N\/A Assistant Heads of School: N\/A SCHOOL MISSION STATEMENT The \u017bebbu\u0121 Learning Support Centre is a specialised centre offering a [&hellip;]<\/p>\n","protected":false},"author":2,"featured_media":0,"parent":0,"menu_order":0,"comment_status":"closed","ping_status":"closed","template":"","meta":[],"_links":{"self":[{"href":"https:\/\/stignatiuscollege.skola.edu.mt\/index.php\/wp-json\/wp\/v2\/pages\/222"}],"collection":[{"href":"https:\/\/stignatiuscollege.skola.edu.mt\/index.php\/wp-json\/wp\/v2\/pages"}],"about":[{"href":"https:\/\/stignatiuscollege.skola.edu.mt\/index.php\/wp-json\/wp\/v2\/types\/page"}],"author":[{"embeddable":true,"href":"https:\/\/stignatiuscollege.skola.edu.mt\/index.php\/wp-json\/wp\/v2\/users\/2"}],"replies":[{"embeddable":true,"href":"https:\/\/stignatiuscollege.skola.edu.mt\/index.php\/wp-json\/wp\/v2\/comments?post=222"}],"version-history":[{"count":5,"href":"https:\/\/stignatiuscollege.skola.edu.mt\/index.php\/wp-json\/wp\/v2\/pages\/222\/revisions"}],"predecessor-version":[{"id":1248,"href":"https:\/\/stignatiuscollege.skola.edu.mt\/index.php\/wp-json\/wp\/v2\/pages\/222\/revisions\/1248"}],"wp:attachment":[{"href":"https:\/\/stignatiuscollege.skola.edu.mt\/index.php\/wp-json\/wp\/v2\/media?parent=222"}],"curies":[{"name":"wp","href":"https:\/\/api.w.org\/{rel}","templated":true}]}}