{"id":217,"date":"2021-07-20T20:52:15","date_gmt":"2021-07-20T19:52:15","guid":{"rendered":"https:\/\/stignatiuscollege.skola.edu.mt\/?page_id=217"},"modified":"2022-09-14T08:55:38","modified_gmt":"2022-09-14T07:55:38","slug":"haz-zebbug-primary","status":"publish","type":"page","link":"https:\/\/stignatiuscollege.skola.edu.mt\/index.php\/haz-zebbug-primary\/","title":{"rendered":"Ha\u017c-\u017bebbu\u0121 Primary"},"content":{"rendered":"<p><strong>\u00a0<\/strong><\/p>\n<table>\n<tbody>\n<tr>\n<td colspan=\"2\" width=\"566\"><strong>School Name<\/strong>: \u0126a\u017c-\u017bebbu\u0121 Primary<\/td>\n<\/tr>\n<tr>\n<td colspan=\"2\" width=\"566\">\n<p style=\"text-align: center;\"><strong>GENERAL INFORMATION<\/strong><\/p>\n<\/td>\n<\/tr>\n<tr>\n<td width=\"264\">Address<\/td>\n<td width=\"302\">\u00a041, Sciortino Street, \u0126a\u017c-\u017bebbu\u0121. ZBG 1960<\/td>\n<\/tr>\n<tr>\n<td width=\"264\">Tel Number:<\/td>\n<td width=\"302\">\u00a025987660\/80<\/td>\n<\/tr>\n<tr>\n<td width=\"264\">Email Address:<\/td>\n<td width=\"302\">\u00a0<u><a href=\"mailto:sic.zebbug.pr@ilearn.edu.mt\">sic.zebbug.pr@ilearn.edu.mt<\/a><\/u><\/td>\n<\/tr>\n<tr>\n<td width=\"264\">Website\/Facebook Address:<\/td>\n<td width=\"302\">\u00a0<u><a href=\"http:\/\/www.zebbugprimaryschool.wordpress.com\">www.zebbugprimaryschool.wordpress.com<\/a><\/u><\/td>\n<\/tr>\n<tr>\n<td width=\"264\">&nbsp;<\/p>\n<p>&nbsp;<\/td>\n<td width=\"302\"><\/td>\n<\/tr>\n<tr>\n<td width=\"264\">Assistant Heads of School:<\/td>\n<td width=\"302\">Ms. Leontine Spiteri<br \/>\nMr. Mark Muscat<br \/>\nMs. Claire Cardona<br \/>\nMs. Sandra Farrugia<br \/>\nMs. Stephania Gauci<\/td>\n<\/tr>\n<tr>\n<td colspan=\"2\" width=\"566\">\n<p style=\"text-align: center;\"><strong>SCHOOL MISSION STATEMENT<\/strong><\/p>\n<\/td>\n<\/tr>\n<tr>\n<td colspan=\"2\" width=\"566\">Our school works in a planned and co-ordinated way towards engaging children and their families in a holistic quality education, which takes into account all the socio-cultural dimensions of modern society. Such education will see to the individual needs of the pupils and will serve as a major step in helping each child to acquire all those competencies required, not only in today\u2019s world, but also for a life-long learning experience. Moreover, our school is committed to provide a safe and caring environment whilst instilling and celebrating positive values.<\/td>\n<\/tr>\n<tr>\n<td colspan=\"2\" width=\"566\">\n<p style=\"text-align: center;\"><strong>BRIEF HISTORY AND DISCRIPTION OF THE SCHOOL<\/strong><\/p>\n<\/td>\n<\/tr>\n<tr>\n<td colspan=\"2\" width=\"566\">St. Ignatius College \u0126a\u017c-\u017bebbu\u0121 Primary School is one of the oldest schools in Malta. It is a well-known fact that the building was used as a school between the first and second world wars. The old part of the building hosts the Kinder classes, while the adjacent and interconnected refurbished building, hosts the Primary classes.<\/p>\n<p>&nbsp;<\/p>\n<p>The school building is spread on a large area and is situated in the heart of \u0126a\u017c-\u017bebbu\u0121, with entrances on the front and back of the premises. Facilities comprise of 2 yards, a gym, a library, 2 halls, a multi-sensory room and peripatetic rooms.\u00a0 The number of pupils attending \u0126a\u017c-\u017bebbu\u0121 Primary in the 2020-2021 scholastic year, reached over 570.<\/p>\n<p>&nbsp;<\/p>\n<p>The school carries a very high profile and therefore it has a very good name and reputation with the people of \u0126a\u017c-\u017bebbu\u0121. The pupils come from different backgrounds, yet they all have high expectations and aspirations.<\/p>\n<p>&nbsp;<\/p>\n<p>\u0126a\u017c-\u017bebbu\u0121 Primary school aims at achieving these expectations and therefore it caters for individual needs, while it engages in offering the pupils and their families a holistic, quality education, the first major step towards life-long learning.<\/td>\n<\/tr>\n<tr>\n<td colspan=\"2\" width=\"566\">\n<p style=\"text-align: center;\"><strong>SCHOOL OPENING AND CLOSING HOURS<\/strong><\/p>\n<\/td>\n<\/tr>\n<tr>\n<td width=\"264\">Opening Hours (Winter Time)<\/td>\n<td width=\"302\">\u00a08.30am<\/td>\n<\/tr>\n<tr>\n<td width=\"264\">Opening Hours (Summer Time)<\/td>\n<td width=\"302\">\u00a08.30am<\/td>\n<\/tr>\n<tr>\n<td width=\"264\">Closing Hours (Winter Time)<\/td>\n<td width=\"302\">2.30pm<\/td>\n<\/tr>\n<tr>\n<td width=\"264\">Closing Hours (Summer Time)<\/td>\n<td width=\"302\">\u00a012.15pm<\/td>\n<\/tr>\n<tr>\n<td colspan=\"2\" width=\"566\">\n<p style=\"text-align: center;\"><strong>SCHOOL SERVICES<\/strong><\/p>\n<\/td>\n<\/tr>\n<tr>\n<td width=\"264\">Breakfast Club<\/td>\n<td width=\"302\">YES<\/td>\n<\/tr>\n<tr>\n<td width=\"264\">Klabb 3-16<\/td>\n<td width=\"302\">YES<\/td>\n<\/tr>\n<\/tbody>\n<\/table>\n<p><strong>\u00a0<\/strong><\/p>\n","protected":false},"excerpt":{"rendered":"<p>\u00a0 School Name: \u0126a\u017c-\u017bebbu\u0121 Primary GENERAL INFORMATION Address \u00a041, Sciortino Street, \u0126a\u017c-\u017bebbu\u0121. ZBG 1960 Tel Number: \u00a025987660\/80 Email Address: \u00a0sic.zebbug.pr@ilearn.edu.mt Website\/Facebook Address: \u00a0www.zebbugprimaryschool.wordpress.com &nbsp; &nbsp; Assistant Heads of School: Ms. Leontine Spiteri Mr. Mark Muscat Ms. Claire Cardona Ms. Sandra Farrugia Ms. Stephania Gauci SCHOOL MISSION STATEMENT Our school works in a planned and co-ordinated [&hellip;]<\/p>\n","protected":false},"author":2,"featured_media":0,"parent":0,"menu_order":0,"comment_status":"closed","ping_status":"closed","template":"","meta":[],"_links":{"self":[{"href":"https:\/\/stignatiuscollege.skola.edu.mt\/index.php\/wp-json\/wp\/v2\/pages\/217"}],"collection":[{"href":"https:\/\/stignatiuscollege.skola.edu.mt\/index.php\/wp-json\/wp\/v2\/pages"}],"about":[{"href":"https:\/\/stignatiuscollege.skola.edu.mt\/index.php\/wp-json\/wp\/v2\/types\/page"}],"author":[{"embeddable":true,"href":"https:\/\/stignatiuscollege.skola.edu.mt\/index.php\/wp-json\/wp\/v2\/users\/2"}],"replies":[{"embeddable":true,"href":"https:\/\/stignatiuscollege.skola.edu.mt\/index.php\/wp-json\/wp\/v2\/comments?post=217"}],"version-history":[{"count":8,"href":"https:\/\/stignatiuscollege.skola.edu.mt\/index.php\/wp-json\/wp\/v2\/pages\/217\/revisions"}],"predecessor-version":[{"id":1256,"href":"https:\/\/stignatiuscollege.skola.edu.mt\/index.php\/wp-json\/wp\/v2\/pages\/217\/revisions\/1256"}],"wp:attachment":[{"href":"https:\/\/stignatiuscollege.skola.edu.mt\/index.php\/wp-json\/wp\/v2\/media?parent=217"}],"curies":[{"name":"wp","href":"https:\/\/api.w.org\/{rel}","templated":true}]}}