{"id":213,"date":"2021-07-20T19:05:23","date_gmt":"2021-07-20T18:05:23","guid":{"rendered":"https:\/\/stignatiuscollege.skola.edu.mt\/?page_id=213"},"modified":"2022-09-01T19:14:15","modified_gmt":"2022-09-01T18:14:15","slug":"st-george-primary-qormi","status":"publish","type":"page","link":"https:\/\/stignatiuscollege.skola.edu.mt\/index.php\/st-george-primary-qormi\/","title":{"rendered":"St. George Primary Qormi"},"content":{"rendered":"<p>&nbsp;<\/p>\n<table>\n<tbody>\n<tr>\n<td colspan=\"2\" width=\"623\">\n<p style=\"text-align: center;\"><strong>School Name<\/strong>:<\/p>\n<\/td>\n<\/tr>\n<tr>\n<td colspan=\"2\" width=\"623\">\n<p style=\"text-align: center;\"><strong>GENERAL INFORMATION<\/strong><\/p>\n<\/td>\n<\/tr>\n<tr>\n<td width=\"312\">Address<\/td>\n<td width=\"312\">\u00a0Skola Primarja Qormi San \u0120or\u0121<br \/>\n380, Misra\u0127 Federiku Maempel<br \/>\nQormi San \u0120or\u0121<br \/>\nQRM1515<\/td>\n<\/tr>\n<tr>\n<td width=\"312\">Tel Number:<\/td>\n<td width=\"312\">\u00a025987600<\/td>\n<\/tr>\n<tr>\n<td width=\"312\">Email Address:<\/td>\n<td width=\"312\"><a href=\"mailto:sic.qormisg.pr@ilearn.edu.mt\">sic.qormisg.pr@ilearn.edu.mt<\/a><\/td>\n<\/tr>\n<tr>\n<td width=\"312\">Website\/Facebook Address:<\/td>\n<td width=\"312\">\u00a0<a href=\"https:\/\/www.facebok.com\/Skola-Primarja-Qormi-San-%C4%A0orC4%A1-105302170964839\">https:\/\/www.facebok.com\/Skola-Primarja-Qormi-San-%C4%A0orC4%A1-105302170964839<\/a><\/td>\n<\/tr>\n<tr>\n<td width=\"312\">Head of School:<\/p>\n<p>(Please include photo with the mail)<\/td>\n<td width=\"312\">&nbsp;<\/p>\n<p>Terry Pace<\/p>\n<p>&nbsp;<\/p>\n<p>&nbsp;<\/p>\n<p>&nbsp;<\/p>\n<p>&nbsp;<\/p>\n<p>&nbsp;<\/p>\n<p>&nbsp;<\/p>\n<p>&nbsp;<\/p>\n<p>&nbsp;<\/td>\n<\/tr>\n<tr>\n<td width=\"312\">Assistant Heads of School:<\/td>\n<td width=\"312\">&nbsp;<\/p>\n<p>Charles Bonnici<br \/>\nJosette Grech<br \/>\nErika Rapa<\/p>\n<p>&nbsp;<\/p>\n<p>&nbsp;<\/p>\n<p>&nbsp;<\/p>\n<p>&nbsp;<\/td>\n<\/tr>\n<tr>\n<td colspan=\"2\" width=\"623\"><strong>SCHOOL MISSION STATEMENT<\/strong><\/td>\n<\/tr>\n<tr>\n<td colspan=\"2\" width=\"623\">&nbsp;<\/p>\n<p>&nbsp;<\/p>\n<p>&#8216;A\u0127na, flimkien mal-komunita&#8217; ta&#8217; \u0126al Qormi San \u0120or\u0121, naqsmu r-responsabbilita&#8217; tal-i\u017cvlupp s\u0127i\u0127 u uniku ta&#8217; kull tifla u tifel fl-iskola tag\u0127na. Din is-s\u0127ubija tipprovdi ambjent protett li jistimula t-tag\u0127lim immirat lejn l-istudenti bl-g\u0127ajuna tal-g\u0127alliema u bis-sapport tal-\u0121enituri u l-komunita&#8221;<\/p>\n<p>&nbsp;<\/p>\n<p>&#8216;We share with the community of \u0126al Qormi\u00a0 San \u0120or\u0121 the responsibility of the unique and whole development of each child at our school. This partnership provides a safe and stimulating learning environment that is focussed on pupils, facilitated by educators and supported by the home and the community&#8217;<\/p>\n<p>&nbsp;<\/p>\n<p>&nbsp;<\/p>\n<p>&nbsp;<\/td>\n<\/tr>\n<tr>\n<td colspan=\"2\" width=\"623\"><strong>BRIEF HISTORY AND DESCRIPTION OF THE SCHOOL<\/strong><\/td>\n<\/tr>\n<tr>\n<td colspan=\"2\" width=\"623\">&nbsp;<\/p>\n<p>Built around the late 1920&#8217;s, Qormi San \u0120or\u0121 Primary School is situated in the heart of the old village core of Qormi. It has a unique history and character. It is the only school in Malta to boast of two Presidents of the Republic of Malta among its registered pupils together with a host of other distinguished citizens such as poets, authors, members of parliament, creative artists, athletes and so on.\u00a0 During the second world war the building was simultaneously used as a school, an old people&#8217;s home, and a hospital. Thanks to good fortune or a miracle perhaps, the entire community within the school was saved after a targeted attack on the building.<\/p>\n<p>Originally built to cater for the education of infants, boys, and girls of primary school age, part of the school also served as a secondary school for boys for a while.\u00a0 It now caters exclusively for the education of children between the ages of 3 and 10 years of age. Together with the community the school is committed to providing a safe and stimulating learning environment that promotes the holistic development of each child.<\/p>\n<p>&nbsp;<\/td>\n<\/tr>\n<tr>\n<td colspan=\"2\" width=\"623\"><strong>SCHOOL OPENING AND CLOSING HOURS<\/strong><\/td>\n<\/tr>\n<tr>\n<td width=\"312\">Opening Hours (Winter Time)<\/td>\n<td width=\"312\">\u00a008:30<\/td>\n<\/tr>\n<tr>\n<td width=\"312\">Opening Hours (Summer Time)<\/td>\n<td width=\"312\">\u00a008:30<\/td>\n<\/tr>\n<tr>\n<td width=\"312\">Closing Hours (Winter Time)<\/td>\n<td width=\"312\">\u00a014.30<\/td>\n<\/tr>\n<tr>\n<td width=\"312\">Closing Hours (Summer Time)<\/td>\n<td width=\"312\">12.15<\/td>\n<\/tr>\n<tr>\n<td colspan=\"2\" width=\"623\"><strong>SCHOOL SERVICES<\/strong><\/td>\n<\/tr>\n<tr>\n<td width=\"312\">Breakfast Club<\/td>\n<td width=\"312\"><strong>YES\u00a0<\/strong><\/td>\n<\/tr>\n<tr>\n<td width=\"312\">Klabb 3-16<\/td>\n<td width=\"312\"><strong>YES\u00a0<\/strong><\/td>\n<\/tr>\n<tr>\n<td width=\"312\">Other Services Provided at School<\/td>\n<td width=\"312\">&nbsp;<\/p>\n<p>Reading Recovery<br \/>\nNurture Class<\/p>\n<p>&nbsp;<\/p>\n<p>&nbsp;<\/td>\n<\/tr>\n<\/tbody>\n<\/table>\n<p><strong>During the school&#8217;s refurbishment, the Klabb 3-16 will operate from Qormi SB<\/strong><\/p>\n","protected":false},"excerpt":{"rendered":"<p>&nbsp; School Name: GENERAL INFORMATION Address \u00a0Skola Primarja Qormi San \u0120or\u0121 380, Misra\u0127 Federiku Maempel Qormi San \u0120or\u0121 QRM1515 Tel Number: \u00a025987600 Email Address: sic.qormisg.pr@ilearn.edu.mt Website\/Facebook Address: \u00a0https:\/\/www.facebok.com\/Skola-Primarja-Qormi-San-%C4%A0orC4%A1-105302170964839 Head of School: (Please include photo with the mail) &nbsp; Terry Pace &nbsp; &nbsp; &nbsp; &nbsp; &nbsp; &nbsp; &nbsp; &nbsp; Assistant Heads of School: &nbsp; Charles Bonnici [&hellip;]<\/p>\n","protected":false},"author":2,"featured_media":0,"parent":0,"menu_order":0,"comment_status":"closed","ping_status":"closed","template":"","meta":[],"_links":{"self":[{"href":"https:\/\/stignatiuscollege.skola.edu.mt\/index.php\/wp-json\/wp\/v2\/pages\/213"}],"collection":[{"href":"https:\/\/stignatiuscollege.skola.edu.mt\/index.php\/wp-json\/wp\/v2\/pages"}],"about":[{"href":"https:\/\/stignatiuscollege.skola.edu.mt\/index.php\/wp-json\/wp\/v2\/types\/page"}],"author":[{"embeddable":true,"href":"https:\/\/stignatiuscollege.skola.edu.mt\/index.php\/wp-json\/wp\/v2\/users\/2"}],"replies":[{"embeddable":true,"href":"https:\/\/stignatiuscollege.skola.edu.mt\/index.php\/wp-json\/wp\/v2\/comments?post=213"}],"version-history":[{"count":6,"href":"https:\/\/stignatiuscollege.skola.edu.mt\/index.php\/wp-json\/wp\/v2\/pages\/213\/revisions"}],"predecessor-version":[{"id":1246,"href":"https:\/\/stignatiuscollege.skola.edu.mt\/index.php\/wp-json\/wp\/v2\/pages\/213\/revisions\/1246"}],"wp:attachment":[{"href":"https:\/\/stignatiuscollege.skola.edu.mt\/index.php\/wp-json\/wp\/v2\/media?parent=213"}],"curies":[{"name":"wp","href":"https:\/\/api.w.org\/{rel}","templated":true}]}}