{"id":139,"date":"2021-07-17T06:39:29","date_gmt":"2021-07-17T05:39:29","guid":{"rendered":"https:\/\/stignatiuscollege.skola.edu.mt\/?page_id=139"},"modified":"2025-09-09T13:03:05","modified_gmt":"2025-09-09T12:03:05","slug":"motto","status":"publish","type":"page","link":"https:\/\/stignatiuscollege.skola.edu.mt\/index.php\/motto\/","title":{"rendered":"College Logo and Motto"},"content":{"rendered":"<h4 style=\"text-align: center;\"><img loading=\"lazy\" class=\"alignnone size-full wp-image-1532\" src=\"https:\/\/stignatiuscollege.skola.edu.mt\/wp-content\/uploads\/2025\/07\/cropped-cropped-Logo_Eng_image-removebg-preview.png\" alt=\"\" width=\"213\" height=\"213\" srcset=\"https:\/\/stignatiuscollege.skola.edu.mt\/wp-content\/uploads\/2025\/07\/cropped-cropped-Logo_Eng_image-removebg-preview.png 213w, https:\/\/stignatiuscollege.skola.edu.mt\/wp-content\/uploads\/2025\/07\/cropped-cropped-Logo_Eng_image-removebg-preview-150x150.png 150w\" sizes=\"(max-width: 213px) 100vw, 213px\" \/><\/h4>\n<h4 style=\"text-align: center;\"><em><strong>LEARNING AND GROWING TOGETHER IN AN INCLUSIVE, <\/strong><\/em><\/h4>\n<h4 style=\"text-align: center;\"><em><strong>EQUITABLE, AND SOCIALLY JUST ENVIRONMENT<\/strong><\/em><\/h4>\n<h4 style=\"text-align: center;\"><em>NIKBRU U NITG\u0126ALLMU FLIMKIEN F&#8217;AMBJENT INKLUSSIV U SO\u010aJALMENT \u0120UST<\/em><\/h4>\n<h5 style=\"text-align: left;\">Our College Community believes in and promotes a holistic,\u00a0 an inclusive and a lifelong type of education.<\/h5>\n<h5 style=\"text-align: center;\"><\/h5>\n","protected":false},"excerpt":{"rendered":"<p>LEARNING AND GROWING TOGETHER IN AN INCLUSIVE, EQUITABLE, AND SOCIALLY JUST ENVIRONMENT NIKBRU U NITG\u0126ALLMU FLIMKIEN F&#8217;AMBJENT INKLUSSIV U SO\u010aJALMENT \u0120UST Our College Community believes in and promotes a holistic,\u00a0 an inclusive and a lifelong type of education.<\/p>\n","protected":false},"author":2,"featured_media":0,"parent":0,"menu_order":0,"comment_status":"closed","ping_status":"closed","template":"","meta":[],"_links":{"self":[{"href":"https:\/\/stignatiuscollege.skola.edu.mt\/index.php\/wp-json\/wp\/v2\/pages\/139"}],"collection":[{"href":"https:\/\/stignatiuscollege.skola.edu.mt\/index.php\/wp-json\/wp\/v2\/pages"}],"about":[{"href":"https:\/\/stignatiuscollege.skola.edu.mt\/index.php\/wp-json\/wp\/v2\/types\/page"}],"author":[{"embeddable":true,"href":"https:\/\/stignatiuscollege.skola.edu.mt\/index.php\/wp-json\/wp\/v2\/users\/2"}],"replies":[{"embeddable":true,"href":"https:\/\/stignatiuscollege.skola.edu.mt\/index.php\/wp-json\/wp\/v2\/comments?post=139"}],"version-history":[{"count":9,"href":"https:\/\/stignatiuscollege.skola.edu.mt\/index.php\/wp-json\/wp\/v2\/pages\/139\/revisions"}],"predecessor-version":[{"id":1537,"href":"https:\/\/stignatiuscollege.skola.edu.mt\/index.php\/wp-json\/wp\/v2\/pages\/139\/revisions\/1537"}],"wp:attachment":[{"href":"https:\/\/stignatiuscollege.skola.edu.mt\/index.php\/wp-json\/wp\/v2\/media?parent=139"}],"curies":[{"name":"wp","href":"https:\/\/api.w.org\/{rel}","templated":true}]}}