{"id":1014,"date":"2021-08-31T09:38:35","date_gmt":"2021-08-31T08:38:35","guid":{"rendered":"https:\/\/stignatiuscollege.skola.edu.mt\/?page_id=1014"},"modified":"2022-09-14T18:57:00","modified_gmt":"2022-09-14T17:57:00","slug":"who-are-we","status":"publish","type":"page","link":"https:\/\/stignatiuscollege.skola.edu.mt\/index.php\/who-are-we\/","title":{"rendered":"WHO ARE WE?"},"content":{"rendered":"<h5 style=\"text-align: center;\"><\/h5>\n<p><span style=\"color: #000000;\">St. Ignatius College is a professional learning community (PLC) with the mission of planning and delivering meaningful learning experiences for all learners to ensure their holistic social, academic, and emotional growth. The college community believes in productive collaboration, constructive dialogue, and collective responsibility for all students\u2019 learning to guarantee high-quality educational provision.<\/span><\/p>\n<p><span style=\"color: #000000;\">St. Ignatius College&#8217;s student population amounts to approximately 3700 students in 232 classes across <\/span><span style=\"color: #008000;\">5 Primary Schools<\/span> including <span style=\"color: #008000;\">two induction hub classes<\/span>, <span style=\"color: #008000;\">1 Learning Support Centre<\/span>, <span style=\"color: #008000;\">a Middle and a Secondary School<\/span> <span style=\"color: #000000;\">in the following localities:<\/span><\/p>\n<p><span style=\"color: #000000;\">San \u0120or\u0121 Primary School, Qormi; <\/span><\/p>\n<p><span style=\"color: #000000;\">San Bastjan Primary School, Qormi;<\/span><\/p>\n<p><span style=\"color: #000000;\">Si\u0121\u0121iewi Primary School;<\/span><\/p>\n<p><span style=\"color: #000000;\">\u0126a\u017c-\u017bebbu\u0121 Primary School which also hosts the induction hub classes;<\/span><\/p>\n<p><span style=\"color: #000000;\">Learning Support Centre, \u0126a\u017c-\u017bebbu\u0121;<\/span><\/p>\n<p><span style=\"color: #000000;\">\u0126al Luqa Primary School, <\/span><\/p>\n<p><span style=\"color: #000000;\">1 Middle School (Year 7 and 8), Tal-\u0126andaq; and<\/span><\/p>\n<p><span style=\"color: #000000;\">1 Secondary School (Year 9 to 11),\u00a0 Tal-\u0126andaq.<\/span><\/p>\n","protected":false},"excerpt":{"rendered":"<p>St. Ignatius College is a professional learning community (PLC) with the mission of planning and delivering meaningful learning experiences for all learners to ensure their holistic social, academic, and emotional growth. The college community believes in productive collaboration, constructive dialogue, and collective responsibility for all students\u2019 learning to guarantee high-quality educational provision. St. Ignatius College&#8217;s [&hellip;]<\/p>\n","protected":false},"author":2,"featured_media":0,"parent":0,"menu_order":0,"comment_status":"closed","ping_status":"closed","template":"","meta":[],"_links":{"self":[{"href":"https:\/\/stignatiuscollege.skola.edu.mt\/index.php\/wp-json\/wp\/v2\/pages\/1014"}],"collection":[{"href":"https:\/\/stignatiuscollege.skola.edu.mt\/index.php\/wp-json\/wp\/v2\/pages"}],"about":[{"href":"https:\/\/stignatiuscollege.skola.edu.mt\/index.php\/wp-json\/wp\/v2\/types\/page"}],"author":[{"embeddable":true,"href":"https:\/\/stignatiuscollege.skola.edu.mt\/index.php\/wp-json\/wp\/v2\/users\/2"}],"replies":[{"embeddable":true,"href":"https:\/\/stignatiuscollege.skola.edu.mt\/index.php\/wp-json\/wp\/v2\/comments?post=1014"}],"version-history":[{"count":14,"href":"https:\/\/stignatiuscollege.skola.edu.mt\/index.php\/wp-json\/wp\/v2\/pages\/1014\/revisions"}],"predecessor-version":[{"id":1294,"href":"https:\/\/stignatiuscollege.skola.edu.mt\/index.php\/wp-json\/wp\/v2\/pages\/1014\/revisions\/1294"}],"wp:attachment":[{"href":"https:\/\/stignatiuscollege.skola.edu.mt\/index.php\/wp-json\/wp\/v2\/media?parent=1014"}],"curies":[{"name":"wp","href":"https:\/\/api.w.org\/{rel}","templated":true}]}}